{"id":2049,"date":"2019-02-07T19:30:49","date_gmt":"2019-02-07T19:30:49","guid":{"rendered":"http:\/\/www.fundus-immobilien.com\/?page_id=2049"},"modified":"2026-04-01T08:49:05","modified_gmt":"2026-04-01T08:49:05","slug":"villa-vivaldi","status":"publish","type":"page","link":"https:\/\/www.fundus-immobilien.com\/de\/villa-vivaldi\/","title":{"rendered":"Villa Livadi"},"content":{"rendered":"<p><\/p>\r\n<p data-start=\"1444\" data-end=\"1474\"><strong data-start=\"1444\" data-end=\"1472\">PROJEKT \u2013 \u201eVILLA LIVADI\u201c<\/strong><\/p>\r\n<p data-start=\"1476\" data-end=\"1753\">Die Villa Livadi ist eine exklusive Wohnimmobilie in der malerischen K\u00fcstenregion Jakiru\u0161a \u2013 Brela. Diese luxuri\u00f6se Villa befindet sich in zweiter Reihe zum Meer, nur 20 Meter von der K\u00fcste entfernt, und bietet ihren Bewohnern ein unvergleichliches mediterranes Lebensgef\u00fchl.<\/p>\r\n<p data-start=\"1755\" data-end=\"2117\">Das Objekt erstreckt sich \u00fcber vier Etagen \u2013 Erdgeschoss, erster, zweiter und dritter Stock. Im Erdgeschoss befinden sich ger\u00e4umige Garagen, w\u00e4hrend die oberen Etagen elegant gestaltete Zweizimmerwohnungen beherbergen. Jede Wohnung verf\u00fcgt \u00fcber gro\u00dfz\u00fcgige Terrassen mit einem atemberaubenden Panoramablick auf das kristallklare Meer und die umliegenden Inseln.<\/p>\r\n<p data-start=\"2119\" data-end=\"2429\">Besonderes Augenmerk wurde auf die Bauqualit\u00e4t und die Auswahl der Materialien gelegt. Die Fassade der Villa ist mit Naturstein verkleidet, w\u00e4hrend die Innenr\u00e4ume mit hochwertigen Keramiken und luxuri\u00f6sen Sanit\u00e4reinrichtungen ausgestattet sind, die sowohl Komfort als auch \u00e4sthetische Perfektion garantieren.<\/p>\r\n<p data-start=\"2431\" data-end=\"2638\">Die zweite und dritte Etage geh\u00f6ren den Investoren, w\u00e4hrend das erste Obergeschoss f\u00fcr die touristische Vermietung vorgesehen ist \u2013 eine perfekte Kombination aus Komfort und exklusiver Lage direkt am Meer.<\/p>\r\n<p data-start=\"2640\" data-end=\"2831\">Die Villa Livadi wurde im Jahr 2020 vollst\u00e4ndig fertiggestellt und stellt eine ideale Adresse f\u00fcr luxuri\u00f6ses Wohnen und erholsamen Urlaub in einer der sch\u00f6nsten Regionen der Adriak\u00fcste dar.<\/p>\r\n<p><\/p>\r\n<div class=\"foogallery foogallery-container foogallery-carousel foogallery-lightbox-foogallery fg-carousel fg-light fg-border-thin fg-shadow-outline fg-loading-default fg-loaded-fade-in fg-caption-hover fg-hover-fade fg-hover-zoom fg-ready\" id=\"foogallery-gallery-2968_2\" data-foogallery=\"{&quot;item&quot;:{&quot;showCaptionTitle&quot;:true,&quot;showCaptionDescription&quot;:true},&quot;lazy&quot;:true,&quot;template&quot;:{&quot;maxItems&quot;:5,&quot;scale&quot;:0.12,&quot;gutter&quot;:{&quot;min&quot;:-40,&quot;max&quot;:-20,&quot;unit&quot;:&quot;%&quot;},&quot;autoplay&quot;:{&quot;time&quot;:0,&quot;interaction&quot;:&quot;pause&quot;},&quot;centerOnClick&quot;:true}}\" data-foogallery-lightbox=\"{&quot;thumbs&quot;:&quot;bottom&quot;,&quot;thumbsCaptions&quot;:false,&quot;thumbsBestFit&quot;:false,&quot;thumbsSmall&quot;:false,&quot;thumbsCaptionsAlign&quot;:&quot;default&quot;,&quot;info&quot;:&quot;bottom&quot;,&quot;infoVisible&quot;:true,&quot;infoOverlay&quot;:true,&quot;infoAlign&quot;:&quot;default&quot;,&quot;transition&quot;:&quot;fade&quot;,&quot;hoverButtons&quot;:false,&quot;fitMedia&quot;:false,&quot;noScrollbars&quot;:true,&quot;preserveButtonSpace&quot;:true,&quot;buttons&quot;:{&quot;fullscreen&quot;:true,&quot;info&quot;:true,&quot;thumbs&quot;:false},&quot;video&quot;:{&quot;autoPlay&quot;:true}}\" >\r\n\t<button type=\"button\" class=\"fg-carousel-prev\"><\/button>\r\n\t<div class=\"fg-carousel-inner\">\r\n\t\t<div class=\"fg-carousel-center\"><\/div>\r\n\t\t<div class=\"fg-item fg-type-image fg-idle\"><figure class=\"fg-item-inner\"><a href=\"https:\/\/www.fundus-immobilien.com\/wp-content\/uploads\/2025\/02\/2.jpg\" data-attachment-id=\"2969\" data-type=\"image\" class=\"fg-thumb\"><span class=\"fg-image-wrap\"><img fetchpriority=\"high\" decoding=\"async\" width=\"300\" height=\"220\" class=\"skip-lazy fg-image\" data-src-fg=\"https:\/\/www.fundus-immobilien.com\/wp-content\/uploads\/cache\/2025\/02\/2\/1371977938.jpg\" src=\"data:image\/svg+xml,%3Csvg%20xmlns%3D%22http%3A%2F%2Fwww.w3.org%2F2000%2Fsvg%22%20width%3D%22300%22%20height%3D%22220%22%20viewBox%3D%220%200%20300%20220%22%3E%3C%2Fsvg%3E\" loading=\"eager\"><\/span><span class=\"fg-image-overlay\"><\/span><\/a><figcaption class=\"fg-caption\"><div class=\"fg-caption-inner\"><\/div><\/figcaption><\/figure><div class=\"fg-loader\"><\/div><\/div><div class=\"fg-item fg-type-image fg-idle\"><figure class=\"fg-item-inner\"><a href=\"https:\/\/www.fundus-immobilien.com\/wp-content\/uploads\/2025\/02\/Kapija.jpg\" data-attachment-id=\"2970\" data-type=\"image\" class=\"fg-thumb\"><span class=\"fg-image-wrap\"><img decoding=\"async\" width=\"300\" height=\"220\" class=\"skip-lazy fg-image\" data-src-fg=\"https:\/\/www.fundus-immobilien.com\/wp-content\/uploads\/cache\/2025\/02\/Kapija\/1610745085.jpg\" src=\"data:image\/svg+xml,%3Csvg%20xmlns%3D%22http%3A%2F%2Fwww.w3.org%2F2000%2Fsvg%22%20width%3D%22300%22%20height%3D%22220%22%20viewBox%3D%220%200%20300%20220%22%3E%3C%2Fsvg%3E\" loading=\"eager\"><\/span><span class=\"fg-image-overlay\"><\/span><\/a><figcaption class=\"fg-caption\"><div class=\"fg-caption-inner\"><\/div><\/figcaption><\/figure><div class=\"fg-loader\"><\/div><\/div><div class=\"fg-item fg-type-image fg-idle\"><figure class=\"fg-item-inner\"><a href=\"https:\/\/www.fundus-immobilien.com\/wp-content\/uploads\/2025\/02\/kut2.jpg\" data-attachment-id=\"2971\" data-type=\"image\" class=\"fg-thumb\"><span class=\"fg-image-wrap\"><img decoding=\"async\" width=\"300\" height=\"220\" class=\"skip-lazy fg-image\" data-src-fg=\"https:\/\/www.fundus-immobilien.com\/wp-content\/uploads\/cache\/2025\/02\/kut2\/62211927.jpg\" src=\"data:image\/svg+xml,%3Csvg%20xmlns%3D%22http%3A%2F%2Fwww.w3.org%2F2000%2Fsvg%22%20width%3D%22300%22%20height%3D%22220%22%20viewBox%3D%220%200%20300%20220%22%3E%3C%2Fsvg%3E\" loading=\"eager\"><\/span><span class=\"fg-image-overlay\"><\/span><\/a><figcaption class=\"fg-caption\"><div class=\"fg-caption-inner\"><\/div><\/figcaption><\/figure><div class=\"fg-loader\"><\/div><\/div><div class=\"fg-item fg-type-image fg-idle\"><figure class=\"fg-item-inner\"><a href=\"https:\/\/www.fundus-immobilien.com\/wp-content\/uploads\/2025\/02\/Montaza.jpg\" data-attachment-id=\"2972\" data-type=\"image\" class=\"fg-thumb\"><span class=\"fg-image-wrap\"><img decoding=\"async\" width=\"300\" height=\"220\" class=\"skip-lazy fg-image\" data-src-fg=\"https:\/\/www.fundus-immobilien.com\/wp-content\/uploads\/cache\/2025\/02\/Montaza\/3274910314.jpg\" src=\"data:image\/svg+xml,%3Csvg%20xmlns%3D%22http%3A%2F%2Fwww.w3.org%2F2000%2Fsvg%22%20width%3D%22300%22%20height%3D%22220%22%20viewBox%3D%220%200%20300%20220%22%3E%3C%2Fsvg%3E\" loading=\"eager\"><\/span><span class=\"fg-image-overlay\"><\/span><\/a><figcaption class=\"fg-caption\"><div class=\"fg-caption-inner\"><\/div><\/figcaption><\/figure><div class=\"fg-loader\"><\/div><\/div><div class=\"fg-item fg-type-image fg-idle\"><figure class=\"fg-item-inner\"><a href=\"https:\/\/www.fundus-immobilien.com\/wp-content\/uploads\/2025\/02\/msp01.jpg\" data-attachment-id=\"2973\" data-type=\"image\" class=\"fg-thumb\"><span class=\"fg-image-wrap\"><img decoding=\"async\" width=\"300\" height=\"220\" class=\"skip-lazy fg-image\" data-src-fg=\"https:\/\/www.fundus-immobilien.com\/wp-content\/uploads\/cache\/2025\/02\/msp01\/3781741251.jpg\" src=\"data:image\/svg+xml,%3Csvg%20xmlns%3D%22http%3A%2F%2Fwww.w3.org%2F2000%2Fsvg%22%20width%3D%22300%22%20height%3D%22220%22%20viewBox%3D%220%200%20300%20220%22%3E%3C%2Fsvg%3E\" loading=\"eager\"><\/span><span class=\"fg-image-overlay\"><\/span><\/a><figcaption class=\"fg-caption\"><div class=\"fg-caption-inner\"><\/div><\/figcaption><\/figure><div class=\"fg-loader\"><\/div><\/div>\t<\/div>\r\n\t<div class=\"fg-carousel-bottom\"><\/div>\r\n\t<div class=\"fg-carousel-progress\"><\/div>\r\n\t<button type=\"button\" class=\"fg-carousel-next\"><\/button>\r\n<\/div>","protected":false},"excerpt":{"rendered":"<p>PROJEKT \u2013 \u201eVILLA LIVADI\u201c Die Villa Livadi ist eine exklusive Wohnimmobilie in der malerischen K\u00fcstenregion Jakiru\u0161a \u2013 Brela. Diese luxuri\u00f6se Villa befindet sich in zweiter [&hellip;]<\/p>\n","protected":false},"author":1,"featured_media":2826,"parent":0,"menu_order":0,"comment_status":"closed","ping_status":"closed","template":"","meta":{"_acf_changed":false,"footnotes":""},"class_list":["post-2049","page","type-page","status-publish","has-post-thumbnail","hentry"],"acf":[],"_links":{"self":[{"href":"https:\/\/www.fundus-immobilien.com\/de\/wp-json\/wp\/v2\/pages\/2049","targetHints":{"allow":["GET"]}}],"collection":[{"href":"https:\/\/www.fundus-immobilien.com\/de\/wp-json\/wp\/v2\/pages"}],"about":[{"href":"https:\/\/www.fundus-immobilien.com\/de\/wp-json\/wp\/v2\/types\/page"}],"author":[{"embeddable":true,"href":"https:\/\/www.fundus-immobilien.com\/de\/wp-json\/wp\/v2\/users\/1"}],"replies":[{"embeddable":true,"href":"https:\/\/www.fundus-immobilien.com\/de\/wp-json\/wp\/v2\/comments?post=2049"}],"version-history":[{"count":8,"href":"https:\/\/www.fundus-immobilien.com\/de\/wp-json\/wp\/v2\/pages\/2049\/revisions"}],"predecessor-version":[{"id":2975,"href":"https:\/\/www.fundus-immobilien.com\/de\/wp-json\/wp\/v2\/pages\/2049\/revisions\/2975"}],"wp:featuredmedia":[{"embeddable":true,"href":"https:\/\/www.fundus-immobilien.com\/de\/wp-json\/wp\/v2\/media\/2826"}],"wp:attachment":[{"href":"https:\/\/www.fundus-immobilien.com\/de\/wp-json\/wp\/v2\/media?parent=2049"}],"curies":[{"name":"wp","href":"https:\/\/api.w.org\/{rel}","templated":true}]}}