{"id":2051,"date":"2019-02-07T19:31:45","date_gmt":"2019-02-07T19:31:45","guid":{"rendered":"http:\/\/www.fundus-immobilien.com\/?page_id=2051"},"modified":"2026-04-01T08:46:44","modified_gmt":"2026-04-01T08:46:44","slug":"o-nama","status":"publish","type":"page","link":"https:\/\/www.fundus-immobilien.com\/de\/o-nama\/","title":{"rendered":"Uber uns"},"content":{"rendered":"<div class=\"row\">\r\n<div class=\"left-side col-sm-12 col-lg-6 pe-5\">\r\n<h2>Uber uns<\/h2>\r\n<br \/>\r\n<h4 data-start=\"1044\" data-end=\"1729\">Azaleja d.o.o. liefert seit fast 15 Jahren herausragende Ergebnisse im Immobiliensektor und ist auf den Verkauf, Bau und die Vermietung von Luxusimmobilien spezialisiert. Mit langj\u00e4hriger Erfahrung, einem engagierten Team und zahlreichen zufriedenen Kunden genie\u00dft Azaleja d.o.o. einen renommierten Status auf dem Markt. Unsere Mission ist es, jedem Kunden einen individuellen Service zu bieten und die ideale L\u00f6sung zu finden, die seinen Bed\u00fcrfnissen und W\u00fcnschen entspricht. Egal, ob Sie ein perfektes Zuhause suchen, in eine neue Immobilie investieren oder Ihre exklusive Immobilie vermieten m\u00f6chten \u2013 Azaleja d.o.o. ist Ihr vertrauensw\u00fcrdiger Partner auf jedem Schritt des Weges.<\/h4>\r\n<h4 data-start=\"1731\" data-end=\"1768\">Kontaktieren Sie uns mit Vertrauen.<\/h4>\r\n<\/div>\r\n<div class=\"right-side col-sm-12 col-lg-6 pe-5\">\r\n<p data-start=\"1770\" data-end=\"1788\"><strong data-start=\"1770\" data-end=\"1786\">FIRMENDATEN:<\/strong><\/p>\r\n<p data-start=\"1790\" data-end=\"2084\" data-is-last-node=\"\"><strong data-start=\"1790\" data-end=\"1799\">NAME:<\/strong> Azaleja d.o.o.<br data-start=\"1814\" data-end=\"1817\" \/><strong data-start=\"1817\" data-end=\"1832\">FIRMENSITZ:<\/strong> Put Mo\u010de 18, Makarska<br data-start=\"1854\" data-end=\"1857\" \/><strong data-start=\"1857\" data-end=\"1878\">Firmenbuchnummer:<\/strong> 02884020<br data-start=\"1887\" data-end=\"1890\" \/><strong data-start=\"1890\" data-end=\"1904\">USt-IdNr.:<\/strong> 46196423582<br data-start=\"1916\" data-end=\"1919\" \/><strong data-start=\"1919\" data-end=\"1937\">TELEFON \/ FAX:<\/strong> 021\/679-063<br data-start=\"1949\" data-end=\"1952\" \/><strong data-start=\"1952\" data-end=\"1969\">MOBILTELEFON:<\/strong> 098\/197-8949 &#8211; 091\/177-7557<br data-start=\"1997\" data-end=\"2000\" \/><strong data-start=\"2000\" data-end=\"2011\">E-MAIL:<\/strong> <a rel=\"noopener\" data-start=\"2012\" data-end=\"2037\">ruzicagranic777@gmail.com<\/a> &#8211; <a rel=\"noopener\" data-start=\"2040\" data-end=\"2059\">fundustea@gmail.com<\/a> &#8211; <a rel=\"noopener\" data-start=\"2062\" data-end=\"2082\">azalejadoo@gmail.com<\/a><\/p>\r\n<p><\/p>\r\n<\/div>\r\n<\/div>","protected":false},"excerpt":{"rendered":"<p>Uber uns Azaleja d.o.o. liefert seit fast 15 Jahren herausragende Ergebnisse im Immobiliensektor und ist auf den Verkauf, Bau und die Vermietung von Luxusimmobilien spezialisiert. [&hellip;]<\/p>\n","protected":false},"author":1,"featured_media":2931,"parent":0,"menu_order":0,"comment_status":"closed","ping_status":"closed","template":"","meta":{"_acf_changed":false,"footnotes":""},"class_list":["post-2051","page","type-page","status-publish","has-post-thumbnail","hentry"],"acf":[],"_links":{"self":[{"href":"https:\/\/www.fundus-immobilien.com\/de\/wp-json\/wp\/v2\/pages\/2051","targetHints":{"allow":["GET"]}}],"collection":[{"href":"https:\/\/www.fundus-immobilien.com\/de\/wp-json\/wp\/v2\/pages"}],"about":[{"href":"https:\/\/www.fundus-immobilien.com\/de\/wp-json\/wp\/v2\/types\/page"}],"author":[{"embeddable":true,"href":"https:\/\/www.fundus-immobilien.com\/de\/wp-json\/wp\/v2\/users\/1"}],"replies":[{"embeddable":true,"href":"https:\/\/www.fundus-immobilien.com\/de\/wp-json\/wp\/v2\/comments?post=2051"}],"version-history":[{"count":43,"href":"https:\/\/www.fundus-immobilien.com\/de\/wp-json\/wp\/v2\/pages\/2051\/revisions"}],"predecessor-version":[{"id":3039,"href":"https:\/\/www.fundus-immobilien.com\/de\/wp-json\/wp\/v2\/pages\/2051\/revisions\/3039"}],"wp:featuredmedia":[{"embeddable":true,"href":"https:\/\/www.fundus-immobilien.com\/de\/wp-json\/wp\/v2\/media\/2931"}],"wp:attachment":[{"href":"https:\/\/www.fundus-immobilien.com\/de\/wp-json\/wp\/v2\/media?parent=2051"}],"curies":[{"name":"wp","href":"https:\/\/api.w.org\/{rel}","templated":true}]}}